{"id":1434,"date":"2021-10-05T15:41:20","date_gmt":"2021-10-05T20:41:20","guid":{"rendered":"https:\/\/distritoenergetico.com\/congresodt\/?page_id=1434"},"modified":"2021-11-17T07:29:47","modified_gmt":"2021-11-17T12:29:47","slug":"agenda-academica","status":"publish","type":"page","link":"https:\/\/distritoenergetico.com\/congresodt\/index.php\/agenda-academica\/","title":{"rendered":"Agenda Acad\u00e9mica"},"content":{"rendered":"<p>[et_pb_section fb_built=&#8221;1&#8243; _builder_version=&#8221;4.9.10&#8243; _module_preset=&#8221;default&#8221; custom_padding=&#8221;0px||0px|||&#8221;][et_pb_row _builder_version=&#8221;4.9.10&#8243; _module_preset=&#8221;default&#8221; custom_padding=&#8221;3px|||||&#8221;][et_pb_column type=&#8221;4_4&#8243; _builder_version=&#8221;4.9.10&#8243; _module_preset=&#8221;default&#8221;][et_pb_image src=&#8221;https:\/\/distritoenergetico.com\/congresodt\/wp-content\/uploads\/2021\/11\/BROCHURE-distritos-termicos13-min.jpg&#8221; title_text=&#8221;BROCHURE distritos termicos13-min&#8221; show_in_lightbox=&#8221;on&#8221; _builder_version=&#8221;4.9.10&#8243; _module_preset=&#8221;default&#8221;][\/et_pb_image][et_pb_image src=&#8221;https:\/\/distritoenergetico.com\/congresodt\/wp-content\/uploads\/2021\/11\/BROCHURE-distritos-termicos14-min.jpg&#8221; title_text=&#8221;BROCHURE distritos termicos14-min&#8221; show_in_lightbox=&#8221;on&#8221; _builder_version=&#8221;4.9.10&#8243; _module_preset=&#8221;default&#8221;][\/et_pb_image][et_pb_image src=&#8221;https:\/\/distritoenergetico.com\/congresodt\/wp-content\/uploads\/2021\/11\/BROCHURE-distritos-termicos15-min.jpg&#8221; title_text=&#8221;BROCHURE distritos termicos15-min&#8221; show_in_lightbox=&#8221;on&#8221; _builder_version=&#8221;4.9.10&#8243; _module_preset=&#8221;default&#8221;][\/et_pb_image][et_pb_image src=&#8221;https:\/\/distritoenergetico.com\/congresodt\/wp-content\/uploads\/2021\/11\/BROCHURE-distritos-termicos16-min.jpg&#8221; title_text=&#8221;BROCHURE distritos termicos16-min&#8221; show_in_lightbox=&#8221;on&#8221; _builder_version=&#8221;4.9.10&#8243; _module_preset=&#8221;default&#8221;][\/et_pb_image][\/et_pb_column][\/et_pb_row][\/et_pb_section][et_pb_section fb_built=&#8221;1&#8243; _builder_version=&#8221;4.9.10&#8243; _module_preset=&#8221;default&#8221; custom_padding=&#8221;0px|||||&#8221;][et_pb_row _builder_version=&#8221;4.9.10&#8243; _module_preset=&#8221;default&#8221;][et_pb_column type=&#8221;4_4&#8243; _builder_version=&#8221;4.9.10&#8243; _module_preset=&#8221;default&#8221;][et_pb_button button_url=&#8221;https:\/\/distritoenergetico.com\/congresodt\/posters\/BROCHURE%20distritos%20termicos1.pdf&#8221; url_new_window=&#8221;on&#8221; button_text=&#8221;Descargar agenda&#8221; button_alignment=&#8221;center&#8221; _builder_version=&#8221;4.9.10&#8243; _module_preset=&#8221;default&#8221; hover_enabled=&#8221;0&#8243; sticky_enabled=&#8221;0&#8243;][\/et_pb_button][\/et_pb_column][\/et_pb_row][\/et_pb_section]<\/p>\n","protected":false},"excerpt":{"rendered":"<p>Descargar agenda<\/p>\n","protected":false},"author":1,"featured_media":0,"parent":0,"menu_order":0,"comment_status":"closed","ping_status":"closed","template":"","meta":{"_et_pb_use_builder":"on","_et_pb_old_content":"<!-- wp:paragraph -->\n<p>Esta es una p\u00e1gina de ejemplo. Es diferente de una entrada de blog porque se quedar\u00e1 en ese lugar y se mostrar\u00e1 en la navegaci\u00f3n de tu sitio (en la mayor\u00eda de los temas). La mayor\u00eda de la gente comienza con una p\u00e1gina de acerca de que los introduce a los visitantes potenciales del sitio. Podr\u00eda decir algo como esto:<\/p>\n<!-- \/wp:paragraph -->\n\n<!-- wp:quote -->\n<blockquote class=\"wp-block-quote\"><p>\u00a1Hola! Soy un Mensajero en bici durante el d\u00eda, aspirante a actor de noche, y este es mi sitio Web. Vivo en los \u00c1ngeles, tengo un gran perro llamado Jack, y me gustan las pi\u00f1as coladas. (Y estar atrapados en la lluvia.)<\/p><\/blockquote>\n<!-- \/wp:quote -->\n\n<!-- wp:paragraph -->\n<p>\u2026o algo as\u00ed:<\/p>\n<!-- \/wp:paragraph -->\n\n<!-- wp:quote -->\n<blockquote class=\"wp-block-quote\"><p>La Empresa Doohickey XYZ fue fundada en 1971, y ha estado proporcionando cosas de calidad al p\u00fablico desde entonces. Ubicado en la ciudad de Gotham, XYZ emplea a m\u00e1s de 2.000 personas y hace todo tipo de cosas impresionantes para la comunidad g\u00f3tica.<\/p><\/blockquote>\n<!-- \/wp:quote -->\n\n<!-- wp:paragraph -->\n<p>Como nuevo usuario de WordPress, debes ir a <a href=\"https:\/\/distritoenergetico.com\/congresodt\/wp-admin\/\">tu Escritorio<\/a> para eliminar esta p\u00e1gina, y as\u00ed crear nuevas p\u00e1ginas para su contenido. \u00a1Que te diviertas!<\/p>\n<!-- \/wp:paragraph -->","_et_gb_content_width":"","footnotes":""},"class_list":["post-1434","page","type-page","status-publish","hentry"],"_links":{"self":[{"href":"https:\/\/distritoenergetico.com\/congresodt\/index.php\/wp-json\/wp\/v2\/pages\/1434","targetHints":{"allow":["GET"]}}],"collection":[{"href":"https:\/\/distritoenergetico.com\/congresodt\/index.php\/wp-json\/wp\/v2\/pages"}],"about":[{"href":"https:\/\/distritoenergetico.com\/congresodt\/index.php\/wp-json\/wp\/v2\/types\/page"}],"author":[{"embeddable":true,"href":"https:\/\/distritoenergetico.com\/congresodt\/index.php\/wp-json\/wp\/v2\/users\/1"}],"replies":[{"embeddable":true,"href":"https:\/\/distritoenergetico.com\/congresodt\/index.php\/wp-json\/wp\/v2\/comments?post=1434"}],"version-history":[{"count":11,"href":"https:\/\/distritoenergetico.com\/congresodt\/index.php\/wp-json\/wp\/v2\/pages\/1434\/revisions"}],"predecessor-version":[{"id":1836,"href":"https:\/\/distritoenergetico.com\/congresodt\/index.php\/wp-json\/wp\/v2\/pages\/1434\/revisions\/1836"}],"wp:attachment":[{"href":"https:\/\/distritoenergetico.com\/congresodt\/index.php\/wp-json\/wp\/v2\/media?parent=1434"}],"curies":[{"name":"wp","href":"https:\/\/api.w.org\/{rel}","templated":true}]}}