{"id":1691,"date":"2021-11-16T11:03:38","date_gmt":"2021-11-16T16:03:38","guid":{"rendered":"https:\/\/distritoenergetico.com\/congresodt\/?page_id=1691"},"modified":"2021-11-16T11:31:46","modified_gmt":"2021-11-16T16:31:46","slug":"segundo-concurso-universitario","status":"publish","type":"page","link":"https:\/\/distritoenergetico.com\/congresodt\/index.php\/segundo-concurso-universitario\/","title":{"rendered":"Segundo Concurso Universitario."},"content":{"rendered":"<p>[et_pb_section fb_built=&#8221;1&#8243; admin_label=&#8221;Services&#8221; _builder_version=&#8221;3.22&#8243; custom_padding=&#8221;0|0|2px|0px|false|false&#8221; locked=&#8221;off&#8221;][et_pb_row _builder_version=&#8221;4.9.10&#8243; _module_preset=&#8221;default&#8221; background_image=&#8221;https:\/\/distritoenergetico.com\/congresodt\/wp-content\/uploads\/2021\/08\/distri4.png&#8221; background_size=&#8221;contain&#8221; background_position=&#8221;bottom_center&#8221; background_blend=&#8221;soft-light&#8221; custom_margin=&#8221;-2px|auto||auto||&#8221; custom_padding=&#8221;0px|||||&#8221;][et_pb_column type=&#8221;4_4&#8243; _builder_version=&#8221;4.9.10&#8243; _module_preset=&#8221;default&#8221;][et_pb_cta button_url=&#8221;#&#8221; _builder_version=&#8221;4.9.10&#8243; header_level=&#8221;h3&#8243; header_font=&#8221;Open Sans|800||on|||||&#8221; header_font_size=&#8221;16px&#8221; header_letter_spacing=&#8221;0.5px&#8221; header_line_height=&#8221;1.7em&#8221; body_font=&#8221;Arial||||||||&#8221; body_font_size=&#8221;16px&#8221; body_line_height=&#8221;2em&#8221; use_background_color=&#8221;off&#8221; background_size=&#8221;initial&#8221; background_position=&#8221;top_left&#8221; custom_button=&#8221;on&#8221; button_text_size=&#8221;14px&#8221; button_text_color=&#8221;#f25b3a&#8221; button_border_width=&#8221;0px&#8221; button_border_radius=&#8221;0px&#8221; button_letter_spacing=&#8221;2px&#8221; button_font=&#8221;Roboto|500||on|||||&#8221; button_icon=&#8221;%%36%%&#8221; button_on_hover=&#8221;off&#8221; button_alignment=&#8221;right&#8221; text_orientation=&#8221;left&#8221; background_layout=&#8221;light&#8221; custom_padding=&#8221;6px|||24px||&#8221; animation_style=&#8221;fold&#8221; hover_enabled=&#8221;0&#8243; button_border_radius_hover=&#8221;0px&#8221; button_letter_spacing_hover=&#8221;2px&#8221; button_bg_color_hover=&#8221;rgba(0,0,0,0)&#8221; locked=&#8221;off&#8221; button_text_size__hover_enabled=&#8221;off&#8221; button_one_text_size__hover_enabled=&#8221;off&#8221; button_two_text_size__hover_enabled=&#8221;off&#8221; button_text_color__hover_enabled=&#8221;off&#8221; button_one_text_color__hover_enabled=&#8221;off&#8221; button_two_text_color__hover_enabled=&#8221;off&#8221; button_border_width__hover_enabled=&#8221;off&#8221; button_one_border_width__hover_enabled=&#8221;off&#8221; button_two_border_width__hover_enabled=&#8221;off&#8221; button_border_color__hover_enabled=&#8221;off&#8221; button_one_border_color__hover_enabled=&#8221;off&#8221; button_two_border_color__hover_enabled=&#8221;off&#8221; button_border_radius__hover_enabled=&#8221;on&#8221; button_border_radius__hover=&#8221;0px&#8221; button_one_border_radius__hover_enabled=&#8221;off&#8221; button_two_border_radius__hover_enabled=&#8221;off&#8221; button_letter_spacing__hover_enabled=&#8221;on&#8221; button_letter_spacing__hover=&#8221;2px&#8221; button_one_letter_spacing__hover_enabled=&#8221;off&#8221; button_two_letter_spacing__hover_enabled=&#8221;off&#8221; button_bg_color__hover_enabled=&#8221;on&#8221; button_bg_color__hover=&#8221;rgba(0,0,0,0)&#8221; button_one_bg_color__hover_enabled=&#8221;off&#8221; button_two_bg_color__hover_enabled=&#8221;off&#8221; background_enable_image=&#8221;off&#8221; sticky_enabled=&#8221;0&#8243;]<\/p>\n<p style=\"text-align: center;\"><strong>Hacer clic en cada imagen para ver la propuesta<\/strong><\/p>\n<p>[\/et_pb_cta][\/et_pb_column][\/et_pb_row][et_pb_row _builder_version=&#8221;4.9.10&#8243; _module_preset=&#8221;default&#8221; custom_padding=&#8221;17px||1px|||&#8221;][et_pb_column type=&#8221;4_4&#8243; _builder_version=&#8221;4.9.10&#8243; _module_preset=&#8221;default&#8221;][et_pb_divider _builder_version=&#8221;4.9.10&#8243; _module_preset=&#8221;default&#8221;][\/et_pb_divider][\/et_pb_column][\/et_pb_row][\/et_pb_section][et_pb_section fb_built=&#8221;1&#8243; _builder_version=&#8221;4.9.10&#8243; _module_preset=&#8221;default&#8221; custom_padding=&#8221;0px|||||&#8221;][et_pb_row column_structure=&#8221;1_4,1_4,1_4,1_4&#8243; _builder_version=&#8221;4.9.10&#8243; _module_preset=&#8221;default&#8221;][et_pb_column type=&#8221;1_4&#8243; _builder_version=&#8221;4.9.10&#8243; _module_preset=&#8221;default&#8221;][et_pb_image src=&#8221;https:\/\/distritoenergetico.com\/congresodt\/wp-content\/uploads\/2021\/11\/01.jpg&#8221; title_text=&#8221;01&#8243; url=&#8221;https:\/\/distritoenergetico.com\/congresodt\/posters\/Formato%20Poster%20II%20Concurso%20Universitario%20DT2_UNAB.pdf&#8221; url_new_window=&#8221;on&#8221; _builder_version=&#8221;4.9.10&#8243; _module_preset=&#8221;default&#8221; animation_style=&#8221;slide&#8221;][\/et_pb_image][\/et_pb_column][et_pb_column type=&#8221;1_4&#8243; _builder_version=&#8221;4.9.10&#8243; _module_preset=&#8221;default&#8221;][et_pb_image src=&#8221;https:\/\/distritoenergetico.com\/congresodt\/wp-content\/uploads\/2021\/11\/02.jpg&#8221; title_text=&#8221;02&#8243; url=&#8221;https:\/\/distritoenergetico.com\/congresodt\/posters\/Poster%20II%20Concurso%20Universitario%20DT2%20_UAC.pdf&#8221; url_new_window=&#8221;on&#8221; _builder_version=&#8221;4.9.10&#8243; _module_preset=&#8221;default&#8221; animation_style=&#8221;slide&#8221;][\/et_pb_image][\/et_pb_column][et_pb_column type=&#8221;1_4&#8243; _builder_version=&#8221;4.9.10&#8243; _module_preset=&#8221;default&#8221;][et_pb_image src=&#8221;https:\/\/distritoenergetico.com\/congresodt\/wp-content\/uploads\/2021\/11\/03.jpg&#8221; title_text=&#8221;03&#8243; url=&#8221;https:\/\/distritoenergetico.com\/congresodt\/posters\/Poster%20II%20Concurso%20Universitario%20DT2_UdeA.pdf&#8221; url_new_window=&#8221;on&#8221; _builder_version=&#8221;4.9.10&#8243; _module_preset=&#8221;default&#8221; animation_style=&#8221;slide&#8221;][\/et_pb_image][\/et_pb_column][et_pb_column type=&#8221;1_4&#8243; _builder_version=&#8221;4.9.10&#8243; _module_preset=&#8221;default&#8221;][et_pb_image src=&#8221;https:\/\/distritoenergetico.com\/congresodt\/wp-content\/uploads\/2021\/11\/04.jpg&#8221; title_text=&#8221;04&#8243; url=&#8221;https:\/\/distritoenergetico.com\/congresodt\/posters\/Poster%20II%20Concurso%20Universitario%20DT2_Unisabana.pdf&#8221; url_new_window=&#8221;on&#8221; _builder_version=&#8221;4.9.10&#8243; _module_preset=&#8221;default&#8221; animation_style=&#8221;slide&#8221;][\/et_pb_image][\/et_pb_column][\/et_pb_row][et_pb_row column_structure=&#8221;1_4,1_4,1_4,1_4&#8243; _builder_version=&#8221;4.9.10&#8243; _module_preset=&#8221;default&#8221;][et_pb_column type=&#8221;1_4&#8243; _builder_version=&#8221;4.9.10&#8243; _module_preset=&#8221;default&#8221;][et_pb_image src=&#8221;https:\/\/distritoenergetico.com\/congresodt\/wp-content\/uploads\/2021\/11\/05.jpg&#8221; title_text=&#8221;05&#8243; url=&#8221;https:\/\/distritoenergetico.com\/congresodt\/posters\/Formato%20Poster%20II%20Concurso%20Universitario%20DT2_UA.pdf&#8221; url_new_window=&#8221;on&#8221; _builder_version=&#8221;4.9.10&#8243; _module_preset=&#8221;default&#8221; animation_style=&#8221;slide&#8221;][\/et_pb_image][\/et_pb_column][et_pb_column type=&#8221;1_4&#8243; _builder_version=&#8221;4.9.10&#8243; _module_preset=&#8221;default&#8221;][et_pb_image src=&#8221;https:\/\/distritoenergetico.com\/congresodt\/wp-content\/uploads\/2021\/11\/06.jpg&#8221; title_text=&#8221;06&#8243; url=&#8221;https:\/\/distritoenergetico.com\/congresodt\/posters\/Formato%20Poster%20II%20Concurso%20Universitario%20DT2_Univalle.pdf&#8221; url_new_window=&#8221;on&#8221; _builder_version=&#8221;4.9.10&#8243; _module_preset=&#8221;default&#8221; animation_style=&#8221;slide&#8221;][\/et_pb_image][\/et_pb_column][et_pb_column type=&#8221;1_4&#8243; _builder_version=&#8221;4.9.10&#8243; _module_preset=&#8221;default&#8221;][et_pb_image src=&#8221;https:\/\/distritoenergetico.com\/congresodt\/wp-content\/uploads\/2021\/11\/07.jpg&#8221; title_text=&#8221;07&#8243; url=&#8221;https:\/\/distritoenergetico.com\/congresodt\/posters\/Formato%20Poster%20II%20Concurso%20Universitario%20DT2_UDistrital.pdf&#8221; url_new_window=&#8221;on&#8221; _builder_version=&#8221;4.9.10&#8243; _module_preset=&#8221;default&#8221; animation_style=&#8221;slide&#8221;][\/et_pb_image][\/et_pb_column][et_pb_column type=&#8221;1_4&#8243; _builder_version=&#8221;4.9.10&#8243; _module_preset=&#8221;default&#8221;][et_pb_image src=&#8221;https:\/\/distritoenergetico.com\/congresodt\/wp-content\/uploads\/2021\/11\/08.jpg&#8221; title_text=&#8221;08&#8243; url=&#8221;https:\/\/distritoenergetico.com\/congresodt\/posters\/Poster%20II%20Concurso%20Universitario%20DT2_UPB.pdf&#8221; url_new_window=&#8221;on&#8221; _builder_version=&#8221;4.9.10&#8243; _module_preset=&#8221;default&#8221; animation_style=&#8221;slide&#8221;][\/et_pb_image][\/et_pb_column][\/et_pb_row][\/et_pb_section]<\/p>\n","protected":false},"excerpt":{"rendered":"<p>Hacer clic en cada imagen para ver la propuesta<\/p>\n","protected":false},"author":1,"featured_media":0,"parent":0,"menu_order":0,"comment_status":"closed","ping_status":"closed","template":"","meta":{"_et_pb_use_builder":"on","_et_pb_old_content":"<!-- wp:paragraph -->\n<p>Esta es una p\u00e1gina de ejemplo. Es diferente de una entrada de blog porque se quedar\u00e1 en ese lugar y se mostrar\u00e1 en la navegaci\u00f3n de tu sitio (en la mayor\u00eda de los temas). La mayor\u00eda de la gente comienza con una p\u00e1gina de acerca de que los introduce a los visitantes potenciales del sitio. Podr\u00eda decir algo como esto:<\/p>\n<!-- \/wp:paragraph -->\n\n<!-- wp:quote -->\n<blockquote class=\"wp-block-quote\"><p>\u00a1Hola! Soy un Mensajero en bici durante el d\u00eda, aspirante a actor de noche, y este es mi sitio Web. Vivo en los \u00c1ngeles, tengo un gran perro llamado Jack, y me gustan las pi\u00f1as coladas. (Y estar atrapados en la lluvia.)<\/p><\/blockquote>\n<!-- \/wp:quote -->\n\n<!-- wp:paragraph -->\n<p>\u2026o algo as\u00ed:<\/p>\n<!-- \/wp:paragraph -->\n\n<!-- wp:quote -->\n<blockquote class=\"wp-block-quote\"><p>La Empresa Doohickey XYZ fue fundada en 1971, y ha estado proporcionando cosas de calidad al p\u00fablico desde entonces. Ubicado en la ciudad de Gotham, XYZ emplea a m\u00e1s de 2.000 personas y hace todo tipo de cosas impresionantes para la comunidad g\u00f3tica.<\/p><\/blockquote>\n<!-- \/wp:quote -->\n\n<!-- wp:paragraph -->\n<p>Como nuevo usuario de WordPress, debes ir a <a href=\"https:\/\/distritoenergetico.com\/congresodt\/wp-admin\/\">tu Escritorio<\/a> para eliminar esta p\u00e1gina, y as\u00ed crear nuevas p\u00e1ginas para su contenido. \u00a1Que te diviertas!<\/p>\n<!-- \/wp:paragraph -->","_et_gb_content_width":"","footnotes":""},"class_list":["post-1691","page","type-page","status-publish","hentry"],"_links":{"self":[{"href":"https:\/\/distritoenergetico.com\/congresodt\/index.php\/wp-json\/wp\/v2\/pages\/1691","targetHints":{"allow":["GET"]}}],"collection":[{"href":"https:\/\/distritoenergetico.com\/congresodt\/index.php\/wp-json\/wp\/v2\/pages"}],"about":[{"href":"https:\/\/distritoenergetico.com\/congresodt\/index.php\/wp-json\/wp\/v2\/types\/page"}],"author":[{"embeddable":true,"href":"https:\/\/distritoenergetico.com\/congresodt\/index.php\/wp-json\/wp\/v2\/users\/1"}],"replies":[{"embeddable":true,"href":"https:\/\/distritoenergetico.com\/congresodt\/index.php\/wp-json\/wp\/v2\/comments?post=1691"}],"version-history":[{"count":8,"href":"https:\/\/distritoenergetico.com\/congresodt\/index.php\/wp-json\/wp\/v2\/pages\/1691\/revisions"}],"predecessor-version":[{"id":1749,"href":"https:\/\/distritoenergetico.com\/congresodt\/index.php\/wp-json\/wp\/v2\/pages\/1691\/revisions\/1749"}],"wp:attachment":[{"href":"https:\/\/distritoenergetico.com\/congresodt\/index.php\/wp-json\/wp\/v2\/media?parent=1691"}],"curies":[{"name":"wp","href":"https:\/\/api.w.org\/{rel}","templated":true}]}}