{"id":266,"date":"2021-08-08T10:28:15","date_gmt":"2021-08-08T15:28:15","guid":{"rendered":"https:\/\/distritoenergetico.com\/congresodt\/?page_id=266"},"modified":"2021-10-07T10:46:04","modified_gmt":"2021-10-07T15:46:04","slug":"eventos-precongreso","status":"publish","type":"page","link":"https:\/\/distritoenergetico.com\/congresodt\/index.php\/eventos-precongreso\/","title":{"rendered":"Eventos precongreso"},"content":{"rendered":"<p>[et_pb_section fb_built=&#8221;1&#8243; _builder_version=&#8221;4.9.10&#8243; _module_preset=&#8221;default&#8221; custom_padding=&#8221;0px|||||&#8221;][et_pb_row column_structure=&#8221;1_2,1_2&#8243; _builder_version=&#8221;4.9.10&#8243; _module_preset=&#8221;default&#8221;][et_pb_column type=&#8221;1_2&#8243; _builder_version=&#8221;4.9.10&#8243; _module_preset=&#8221;default&#8221;][\/et_pb_column][et_pb_column type=&#8221;1_2&#8243; _builder_version=&#8221;4.9.10&#8243; _module_preset=&#8221;default&#8221;][\/et_pb_column][\/et_pb_row][et_pb_row column_structure=&#8221;1_2,1_2&#8243; _builder_version=&#8221;4.9.10&#8243; _module_preset=&#8221;default&#8221;][et_pb_column type=&#8221;1_2&#8243; _builder_version=&#8221;4.9.10&#8243; _module_preset=&#8221;default&#8221;][et_pb_image src=&#8221;https:\/\/distritoenergetico.com\/congresodt\/wp-content\/uploads\/2021\/10\/Medicion-termica-min.jpeg&#8221; title_text=&#8221;Medici\u00f3n t\u00e9rmica-min&#8221; show_in_lightbox=&#8221;on&#8221; _builder_version=&#8221;4.9.10&#8243; _module_preset=&#8221;default&#8221; custom_padding_tablet=&#8221;&#8221; custom_padding_phone=&#8221;||68px||false|false&#8221; custom_padding_last_edited=&#8221;on|phone&#8221; box_shadow_style=&#8221;preset2&#8243; box_shadow_horizontal=&#8221;0px&#8221; box_shadow_vertical=&#8221;0px&#8221; box_shadow_blur=&#8221;60px&#8221; box_shadow_color=&#8221;rgba(71,74,182,0.12)&#8221;][\/et_pb_image][et_pb_button button_text=&#8221;Inscripci\u00f3n al seminario web&#8221; _builder_version=&#8221;4.9.10&#8243; _module_preset=&#8221;default&#8221; button_url=&#8221;https:\/\/us02web.zoom.us\/webinar\/register\/WN_F9THJBiqTaG64HgN16qBXg?_x_zm_rtaid=Qo7F9mavSJCRZOE8q6Jd7Q.1633621373449.aa79aa7e331ea4dc62e6ff30ad43ac5b&#038;_x_zm_rhtaid=763&#8243; url_new_window=&#8221;on&#8221; hover_enabled=&#8221;0&#8243; sticky_enabled=&#8221;0&#8243;][\/et_pb_button][\/et_pb_column][et_pb_column type=&#8221;1_2&#8243; _builder_version=&#8221;4.9.10&#8243; _module_preset=&#8221;default&#8221;][et_pb_blurb title=&#8221;Webinar:   Aspectos y garant\u00edas contractuales aplicables a la venta de energ\u00eda t\u00e9rmica (agua fr\u00eda) para acondicionamiento de aire, dirigido a usuarios residenciales y comerciales.&#8221; image=&#8221;https:\/\/distritoenergetico.com\/congresodt\/wp-content\/uploads\/2021\/08\/coding-icon_3.jpg&#8221; icon_placement=&#8221;left&#8221; content_max_width=&#8221;1100px&#8221; _builder_version=&#8221;4.9.10&#8243; header_font=&#8221;Arial|700|||||||&#8221; header_text_color=&#8221;#000000&#8243; header_font_size=&#8221;16px&#8221; header_line_height=&#8221;1.5em&#8221; body_font=&#8221;Arial||||||||&#8221; body_text_color=&#8221;#727272&#8243; body_font_size=&#8221;16px&#8221; body_line_height=&#8221;1.9em&#8221; background_color=&#8221;#ffffff&#8221; background_size=&#8221;initial&#8221; background_position=&#8221;top_left&#8221; background_repeat=&#8221;repeat&#8221; custom_margin=&#8221;4px||10%|||&#8221; custom_padding=&#8221;30px|40px|30px|40px&#8221; animation_style=&#8221;zoom&#8221; animation_direction=&#8221;bottom&#8221; animation_intensity_zoom=&#8221;20%&#8221; animation_starting_opacity=&#8221;100%&#8221; box_shadow_style=&#8221;preset2&#8243; box_shadow_horizontal=&#8221;0px&#8221; box_shadow_vertical=&#8221;0px&#8221; box_shadow_blur=&#8221;60px&#8221; box_shadow_color=&#8221;rgba(71,74,182,0.12)&#8221; locked=&#8221;off&#8221;]<\/p>\n<p>Conferencista: EBP Consultores<\/p>\n<p><strong>Viernes, 27 de agosto, 8 am &#8211; 9:30am<\/strong><\/p>\n<p>&nbsp;<\/p>\n<p>&nbsp;<\/p>\n<p>[\/et_pb_blurb][\/et_pb_column][\/et_pb_row][\/et_pb_section][et_pb_section fb_built=&#8221;1&#8243; _builder_version=&#8221;4.9.10&#8243; _module_preset=&#8221;default&#8221; custom_padding=&#8221;0px|||||&#8221;][et_pb_row column_structure=&#8221;1_2,1_2&#8243; _builder_version=&#8221;4.9.10&#8243; _module_preset=&#8221;default&#8221; custom_padding=&#8221;0px|||||&#8221;][et_pb_column type=&#8221;1_2&#8243; _builder_version=&#8221;4.9.10&#8243; _module_preset=&#8221;default&#8221;][\/et_pb_column][et_pb_column type=&#8221;1_2&#8243; _builder_version=&#8221;4.9.10&#8243; _module_preset=&#8221;default&#8221;][\/et_pb_column][\/et_pb_row][et_pb_row column_structure=&#8221;1_2,1_2&#8243; _builder_version=&#8221;4.9.10&#8243; _module_preset=&#8221;default&#8221;][et_pb_column type=&#8221;1_2&#8243; _builder_version=&#8221;4.9.10&#8243; _module_preset=&#8221;default&#8221;][et_pb_blurb title=&#8221;Webinar:  Modelos de negocio aplicables a la venta de energ\u00eda t\u00e9rmica (agua fr\u00eda) para acondicionamiento de aire en usuarios residenciales y comerciales.&#8221; image=&#8221;https:\/\/distritoenergetico.com\/congresodt\/wp-content\/uploads\/2021\/08\/coding-icon_3.jpg&#8221; icon_placement=&#8221;left&#8221; content_max_width=&#8221;1100px&#8221; _builder_version=&#8221;4.9.10&#8243; header_font=&#8221;Arial|700|||||||&#8221; header_text_color=&#8221;#000000&#8243; header_line_height=&#8221;1.5em&#8221; body_font=&#8221;Arial||||||||&#8221; body_text_color=&#8221;#727272&#8243; body_font_size=&#8221;16px&#8221; body_line_height=&#8221;1.9em&#8221; background_color=&#8221;#ffffff&#8221; background_size=&#8221;initial&#8221; background_position=&#8221;top_left&#8221; background_repeat=&#8221;repeat&#8221; custom_margin=&#8221;-80px||10%|&#8221; custom_padding=&#8221;101px|40px|30px|40px||&#8221; animation_style=&#8221;zoom&#8221; animation_direction=&#8221;bottom&#8221; animation_intensity_zoom=&#8221;20%&#8221; animation_starting_opacity=&#8221;100%&#8221; header_font_size_tablet=&#8221;&#8221; header_font_size_phone=&#8221;16px&#8221; header_font_size_last_edited=&#8221;on|phone&#8221; box_shadow_style=&#8221;preset2&#8243; box_shadow_horizontal=&#8221;0px&#8221; box_shadow_vertical=&#8221;0px&#8221; box_shadow_blur=&#8221;60px&#8221; box_shadow_color=&#8221;rgba(71,74,182,0.12)&#8221; locked=&#8221;off&#8221;]<\/p>\n<p>Conferencista:<br \/>Ing. Thomas Stetter<br \/>Experto internacional en distritos t\u00e9rmicos<br \/>Consultor de la oficina de Cooperaci\u00f3n Econ\u00f3mica y Desarrollo (SECO) del Gobierno Suizo<\/p>\n<p><strong>Viernes, 13 de agosto,\u00a0 8 am\u00a0 &#8211; 9:30am<\/strong><\/p>\n<p>&nbsp;<\/p>\n<p>&nbsp;<\/p>\n<p>&nbsp;<\/p>\n<p>[\/et_pb_blurb][\/et_pb_column][et_pb_column type=&#8221;1_2&#8243; _builder_version=&#8221;4.9.10&#8243; _module_preset=&#8221;default&#8221;][\/et_pb_column][\/et_pb_row][\/et_pb_section]<\/p>\n","protected":false},"excerpt":{"rendered":"<p>Inscripci\u00f3n al seminario web Webinar: Aspectos y garant\u00edas contractuales aplicables a la venta de energ\u00eda t\u00e9rmica (agua fr\u00eda) para acondicionamiento de aire, dirigido a usuarios residenciales y comerciales. Conferencista: EBP Consultores Viernes, 27 de agosto, 8 am &#8211; 9:30am &nbsp; &nbsp; Webinar: Modelos de negocio aplicables a la venta de energ\u00eda t\u00e9rmica (agua fr\u00eda) para [&hellip;]<\/p>\n","protected":false},"author":1,"featured_media":0,"parent":0,"menu_order":0,"comment_status":"closed","ping_status":"closed","template":"","meta":{"_et_pb_use_builder":"on","_et_pb_old_content":"<!-- wp:paragraph -->\n<p>Esta es una p\u00e1gina de ejemplo. Es diferente de una entrada de blog porque se quedar\u00e1 en ese lugar y se mostrar\u00e1 en la navegaci\u00f3n de tu sitio (en la mayor\u00eda de los temas). La mayor\u00eda de la gente comienza con una p\u00e1gina de acerca de que los introduce a los visitantes potenciales del sitio. Podr\u00eda decir algo como esto:<\/p>\n<!-- \/wp:paragraph -->\n\n<!-- wp:quote -->\n<blockquote class=\"wp-block-quote\"><p>\u00a1Hola! Soy un Mensajero en bici durante el d\u00eda, aspirante a actor de noche, y este es mi sitio Web. Vivo en los \u00c1ngeles, tengo un gran perro llamado Jack, y me gustan las pi\u00f1as coladas. (Y estar atrapados en la lluvia.)<\/p><\/blockquote>\n<!-- \/wp:quote -->\n\n<!-- wp:paragraph -->\n<p>\u2026o algo as\u00ed:<\/p>\n<!-- \/wp:paragraph -->\n\n<!-- wp:quote -->\n<blockquote class=\"wp-block-quote\"><p>La Empresa Doohickey XYZ fue fundada en 1971, y ha estado proporcionando cosas de calidad al p\u00fablico desde entonces. Ubicado en la ciudad de Gotham, XYZ emplea a m\u00e1s de 2.000 personas y hace todo tipo de cosas impresionantes para la comunidad g\u00f3tica.<\/p><\/blockquote>\n<!-- \/wp:quote -->\n\n<!-- wp:paragraph -->\n<p>Como nuevo usuario de WordPress, debes ir a <a href=\"https:\/\/distritoenergetico.com\/congresodt\/wp-admin\/\">tu Escritorio<\/a> para eliminar esta p\u00e1gina, y as\u00ed crear nuevas p\u00e1ginas para su contenido. \u00a1Que te diviertas!<\/p>\n<!-- \/wp:paragraph -->","_et_gb_content_width":"","footnotes":""},"class_list":["post-266","page","type-page","status-publish","hentry"],"_links":{"self":[{"href":"https:\/\/distritoenergetico.com\/congresodt\/index.php\/wp-json\/wp\/v2\/pages\/266","targetHints":{"allow":["GET"]}}],"collection":[{"href":"https:\/\/distritoenergetico.com\/congresodt\/index.php\/wp-json\/wp\/v2\/pages"}],"about":[{"href":"https:\/\/distritoenergetico.com\/congresodt\/index.php\/wp-json\/wp\/v2\/types\/page"}],"author":[{"embeddable":true,"href":"https:\/\/distritoenergetico.com\/congresodt\/index.php\/wp-json\/wp\/v2\/users\/1"}],"replies":[{"embeddable":true,"href":"https:\/\/distritoenergetico.com\/congresodt\/index.php\/wp-json\/wp\/v2\/comments?post=266"}],"version-history":[{"count":26,"href":"https:\/\/distritoenergetico.com\/congresodt\/index.php\/wp-json\/wp\/v2\/pages\/266\/revisions"}],"predecessor-version":[{"id":1557,"href":"https:\/\/distritoenergetico.com\/congresodt\/index.php\/wp-json\/wp\/v2\/pages\/266\/revisions\/1557"}],"wp:attachment":[{"href":"https:\/\/distritoenergetico.com\/congresodt\/index.php\/wp-json\/wp\/v2\/media?parent=266"}],"curies":[{"name":"wp","href":"https:\/\/api.w.org\/{rel}","templated":true}]}}